{"id":16,"date":"2023-02-16T20:56:33","date_gmt":"2023-02-16T19:56:33","guid":{"rendered":"http:\/\/192.168.178.10\/wordpress\/?page_id=16"},"modified":"2026-02-16T17:54:20","modified_gmt":"2026-02-16T16:54:20","slug":"ueber-uns","status":"publish","type":"page","link":"https:\/\/joyfulnoise-berlin.de\/?page_id=16","title":{"rendered":"\u00dcber uns"},"content":{"rendered":"\n<h2 class=\"wp-block-heading\">Der Chor<\/h2>\n\n\n\n<p><strong>Joyful Noise Berlin<\/strong> bereichert seit 30 Jahren die Berliner Gospelchor-Landschaft. Gegr\u00fcndet im Jahr 1996 von der Gemeindep\u00e4dagogin <strong>Ulrike Urner<\/strong> und dem Pfarrer <strong>Lars-Uwe Kremer<\/strong>, hatte er bereits nach kurzer Zeit Konzertauftritte in Berlin und Brandenburg und unternahm Chorreisen nach Schweden (1998) und in die USA (2005). Hauptschwerpunkt seiner musikalischen Aktivit\u00e4ten ist die Bereicherung des kirchlichen Lebens durch traditionelle Gospel und Spirituals.<\/p>\n\n\n\n<p>Von 2008 bis 2020 hatte <strong>Johannes H\u00fcttenm\u00fcller<\/strong> die musikalische Leitung inne und erweiterte das musikalische Spektrum des Chores durch Kompositionen und Arrangements aus Musicals und Popmusik. <\/p>\n\n\n\n<p>Nach der Corona-Pandemie wagte der bis auf 14 S\u00e4ngerinnen und S\u00e4ngern stark geschrumpfte Chor der Zehlendorfer Stephanuskirche (jetzt Teil der ev. Gesamtkirchengemeinde Zehlendorf-S\u00fcd) Anfang 2022 einen kompletten Neuanfang mit <strong>Kerstin Greaves<\/strong> als neuer Chorleiterin, <strong>Harald Klaus<\/strong> als Pianist und <strong>Helge Lohroff<\/strong> als Percussionist. Inzwischen ist der Chor wieder stark gewachsen und z\u00e4hlt zur Zeit wieder ca. 60 aktive S\u00e4ngerinnen und S\u00e4nger (Stand: Januar 2026). Joyful Noise Berlin bestreitet pro Jahr mehr als ein Dutzend Auftritte in Gottesdiensten sowie Konzerte im In- und Ausland (darunter 2025 in London und 2026 in Bad Vilbel).<\/p>\n\n\n\n<h2 class=\"wp-block-heading\">Chorleitung<\/h2>\n\n\n\n<p><strong>Kerstin Greaves<\/strong><\/p>\n\n\n\n<p>www.kerstingreaves.com<\/p>\n\n\n\n<h2 class=\"wp-block-heading\">Piano<\/h2>\n\n\n\n<p><strong>Harald Klaus<\/strong><\/p>\n\n\n\n<p>www.harald-klaus.de<\/p>\n\n\n\n<h2 class=\"wp-block-heading\">Percussion<\/h2>\n\n\n\n<p><strong>Helge Lohroff<\/strong><\/p>\n","protected":false},"excerpt":{"rendered":"<p>Der Chor Joyful Noise Berlin bereichert seit 30 Jahren die Berliner Gospelchor-Landschaft. Gegr\u00fcndet im Jahr 1996 von der Gemeindep\u00e4dagogin Ulrike Urner und dem Pfarrer Lars-Uwe Kremer, hatte er bereits nach kurzer Zeit Konzertauftritte in Berlin und Brandenburg und unternahm Chorreisen nach Schweden (1998) und in die USA (2005). Hauptschwerpunkt seiner musikalischen Aktivit\u00e4ten ist die Bereicherung &hellip; <\/p>\n<p class=\"link-more\"><a href=\"https:\/\/joyfulnoise-berlin.de\/?page_id=16\" class=\"more-link\"><span class=\"screen-reader-text\">\u201e\u00dcber uns\u201c <\/span>weiterlesen<\/a><\/p>\n","protected":false},"author":1,"featured_media":211,"parent":0,"menu_order":0,"comment_status":"closed","ping_status":"closed","template":"","meta":{"footnotes":""},"class_list":["post-16","page","type-page","status-publish","has-post-thumbnail","hentry"],"_links":{"self":[{"href":"https:\/\/joyfulnoise-berlin.de\/index.php?rest_route=\/wp\/v2\/pages\/16","targetHints":{"allow":["GET"]}}],"collection":[{"href":"https:\/\/joyfulnoise-berlin.de\/index.php?rest_route=\/wp\/v2\/pages"}],"about":[{"href":"https:\/\/joyfulnoise-berlin.de\/index.php?rest_route=\/wp\/v2\/types\/page"}],"author":[{"embeddable":true,"href":"https:\/\/joyfulnoise-berlin.de\/index.php?rest_route=\/wp\/v2\/users\/1"}],"replies":[{"embeddable":true,"href":"https:\/\/joyfulnoise-berlin.de\/index.php?rest_route=%2Fwp%2Fv2%2Fcomments&post=16"}],"version-history":[{"count":21,"href":"https:\/\/joyfulnoise-berlin.de\/index.php?rest_route=\/wp\/v2\/pages\/16\/revisions"}],"predecessor-version":[{"id":406,"href":"https:\/\/joyfulnoise-berlin.de\/index.php?rest_route=\/wp\/v2\/pages\/16\/revisions\/406"}],"wp:featuredmedia":[{"embeddable":true,"href":"https:\/\/joyfulnoise-berlin.de\/index.php?rest_route=\/wp\/v2\/media\/211"}],"wp:attachment":[{"href":"https:\/\/joyfulnoise-berlin.de\/index.php?rest_route=%2Fwp%2Fv2%2Fmedia&parent=16"}],"curies":[{"name":"wp","href":"https:\/\/api.w.org\/{rel}","templated":true}]}}