{"id":19,"date":"2023-02-16T20:56:33","date_gmt":"2023-02-16T19:56:33","guid":{"rendered":"http:\/\/192.168.178.10\/wordpress\/?page_id=19"},"modified":"2026-04-13T06:31:59","modified_gmt":"2026-04-13T04:31:59","slug":"ein-homepage-abschnitt","status":"publish","type":"page","link":"https:\/\/joyfulnoise-berlin.de\/?page_id=19","title":{"rendered":"Termine"},"content":{"rendered":"\n<h1 class=\"wp-block-heading\">Termine 2026<\/h1>\n\n\n\n<p><strong>Sonntag, 22.02. 10 Uhr: Gottesdienst.<\/strong> <br>Ort: Stephanuskirche, M\u00fchlenstra\u00dfe 45, 14167 Berlin<\/p>\n\n\n\n<p><strong>Donnerstag, 14.05. 11 Uhr: Konfirmations-Gottesdienst.<\/strong> <br>Ort: Kirche Zur Heimat, Heimat 27, 14165 Berlin<\/p>\n\n\n\n<p><strong>Samstag, 04.07. 18 Uhr: Sommerkonzert.<\/strong> <br>Ort: Stephanuskirche, M\u00fchlenstra\u00dfe 45, 14167 Berlin<\/p>\n\n\n\n<p><strong>Sonntag, 05.07. 17 Uhr: Sommerkonzert.<\/strong> <br>Ort: Stephanuskirche, M\u00fchlenstra\u00dfe 45, 14167 Berlin<\/p>\n\n\n\n<p><strong>Donnerstag, 09.07. 17 Uhr: Sommerkonzert<\/strong>.<br>Ort: Ev. Pflegewohnheim Sch\u00f6now, Teltower Damm 203 A, 14167 Berlin<\/p>\n\n\n\n<p><strong>Samstag, 04.09. 18 Uhr: Gemeinschaftskonzert<\/strong> mit <strong>Hyllie F\u00f6rsamling (Malm\u00f6)<\/strong> <br>Ort: Stephanuskirche, M\u00fchlenstra\u00dfe 45, 14167 Berlin<\/p>\n\n\n\n<p><strong>Sonntag, 05.09. 10 Uhr: Gottesdienst<\/strong> gemeinsam mit <strong>Hyllie F\u00f6rsamling (Malm\u00f6)<\/strong><br>Ort: <\/p>\n\n\n\n<p><strong>Sonntag, 13.09. 11 Uhr: Gottesdienst<\/strong> anl\u00e4sslich 65 Jahre ev. Stephanusgemeinde. <br>Ort: Stephanuskirche, M\u00fchlenstra\u00dfe 45, 14167 Berlin<\/p>\n\n\n\n<p><strong>Samstag, 26.09. und Sonntag, 27.09.: Chorkonzerte.<\/strong> <br>Ort: Bad Vilbel<br>n\u00e4here Infos folgen<\/p>\n\n\n\n<p><strong>Samstag, 10.10. 15:30 Uhr: Chorkonzert.<\/strong> <br>Ort: Seniorenresidenz Villa Kennedy, M\u00fchlenstra\u00dfe 7, 14167 Berlin<\/p>\n\n\n\n<p><strong>Sonntag, 15.11. 10 Uhr: Gottesdienst<\/strong>. <br>Ort: Stephanuskirche, M\u00fchlenstra\u00dfe 45, 14167 Berlin<\/p>\n\n\n\n<p><strong>Samstag, 28.11. 15:30 Uhr: Weihnachtskonzert<\/strong>. <br>Ort: Seniorenresidenz Villa Clay, Clayallee 225 D, 14195 Berlin<\/p>\n\n\n\n<p><strong>Montag, 01.12. 15:00 Uhr: Weihnachtskonzert<\/strong>. <br>Ort: Hans-Rosenthal-Haus, Bolchener Stra\u00dfe 5, 14167 Berlin<\/p>\n\n\n\n<p><strong>Dienstag, 02.12. 15:00 Uhr: Weihnachtskonzert<\/strong>. <br>Ort: Hans-Rosenthal-Haus, Bolchener Stra\u00dfe 5, 14167 Berlin<\/p>\n\n\n\n<p><strong>Samstag, 12.12. 18 Uhr: Weihnachtskonzert. <\/strong><br>Ort: Ev. Stephanus-Kirchengemeinde, M\u00fchlenstra\u00dfe 45, Berlin<\/p>\n\n\n\n<p><strong>Sonntag, 13.12. 17 Uhr: Weihnachtskonzert. <\/strong><br>Ort: Ev. Stephanus-Kirchengemeinde, M\u00fchlenstra\u00dfe 45, Berlin<\/p>\n\n\n\n<p><strong>Dienstag, 15. 12. 19 Uhr: Weihnachtskonzert. <\/strong><br>Ort: Zehlendorfer Weihnachtsmarkt. Teltower Damm, 14165 Berlin<\/p>\n\n\n\n<h1 class=\"wp-block-heading\">Termine 2025<\/h1>\n\n\n\n<p><strong>Samstag, 02.03.  15 Uhr<\/strong>: <strong>BIMP Berlin &#8211; International-Music-Project BBIS Berlin.<\/strong> <br>Ort: Brandenburg-International-School, Schopfheimer Allee 10, 14532 Kleinmachnow<\/p>\n\n\n\n<p><strong>Samstag, 08.03. 11-17 Uhr: Hauptprobe Chormusical &#8222;Martin Luther King&#8220;.<\/strong> <br>Ort: St. Marienkirche, Karl-Liebknecht-Stra\u00dfe 8, 10178 Berlin<\/p>\n\n\n\n<p><strong>Samstag, 22.03. 14 Uhr: Generalprobe Chormusical &#8222;Martin Luther King&#8220;.<\/strong> <br>Ort: Uber Arena, Mildred-Harnack-Stra\u00dfe, 10243 Berlin<\/p>\n\n\n\n<p><strong>Samstag, 22.03. 19 Uhr: Auff\u00fchrung Chormusical &#8222;Martin Luther King&#8220;. <\/strong><br>Ort: Uber Arena, Mildred-Harnack-Stra\u00dfe, 10243 Berlin<\/p>\n\n\n\n<p><strong>Sonntag, 27.04. 10 Uhr: Gottesdienst.<\/strong> <br>Ort: Ev. Stephanus-Kirchengemeinde, M\u00fchlenstra\u00dfe 45, Berlin<\/p>\n\n\n\n<p><strong>Sonntag, 15.06. 10 Uhr: Gottesdienst.<\/strong> <br>Ort: Ev. Stephanus-Kirchengemeinde, M\u00fchlenstra\u00dfe 45, Berlin<\/p>\n\n\n\n<p><strong>Sonntag, 06.07. 17 Uhr: Sommerkonzert.<\/strong> <br>Ort: Ev. Stephanus-Kirchengemeinde, M\u00fchlenstra\u00dfe 45, Berlin<\/p>\n\n\n\n<p><strong>Sonntag, 07.09. 11:30 Uhr: Mit-Mach-Gottesdienst<\/strong>. <br>Ort: Ev. Stephanus-Kirchengemeinde, M\u00fchlenstra\u00dfe 45, Berlin<\/p>\n\n\n\n<p><strong>Samstag, 27. 09.: Chorkonzert.<\/strong> <br>Ort: London<\/p>\n\n\n\n<p><strong>Sonntag, 28. 09. 13:30 Uhr: Chorkonzert.<\/strong> <br>Ort: St. Marylebone Parish Church, Marylebone Road, Marylebone, Camden Town, London NW1 5JP<\/p>\n\n\n\n<p><strong>Sonntag, 12.10. 10 Uhr: Gottesdienst<\/strong>. <br>Ort: Ev. Stephanus-Kirchengemeinde, M\u00fchlenstra\u00dfe 45, Berlin<\/p>\n\n\n\n<p><strong>Samstag, 29.11. 15:30 Uhr: Weihnachtskonzert<\/strong>. <br>Ort: Seniorenresidenz Villa Clay, Clayallee 225 D, 14195 Berlin<\/p>\n\n\n\n<p><strong>Samstag, 13.12. 18 Uhr: Weihnachtskonzert. <\/strong><br>Ort: Ev. Stephanus-Kirchengemeinde, M\u00fchlenstra\u00dfe 45, Berlin<\/p>\n\n\n\n<p><strong>Sonntag, 14.12. 17 Uhr: Weihnachtskonzert. <\/strong><br>Ort: Ev. Stephanus-Kirchengemeinde, M\u00fchlenstra\u00dfe 45, Berlin<\/p>\n\n\n\n<p><strong>Dienstag, 16. 12.  19 Uhr: Adventliches Singen. <\/strong><br>Ort: Zehlendorfer Weihnachtsmarkt. Teltower Damm, 14165 Berlin<\/p>\n\n\n\n<p class=\"has-small-font-size\"><\/p>\n","protected":false},"excerpt":{"rendered":"<p>Termine 2026 Sonntag, 22.02. 10 Uhr: Gottesdienst. Ort: Stephanuskirche, M\u00fchlenstra\u00dfe 45, 14167 Berlin Donnerstag, 14.05. 11 Uhr: Konfirmations-Gottesdienst. Ort: Kirche Zur Heimat, Heimat 27, 14165 Berlin Samstag, 04.07. 18 Uhr: Sommerkonzert. Ort: Stephanuskirche, M\u00fchlenstra\u00dfe 45, 14167 Berlin Sonntag, 05.07. 17 Uhr: Sommerkonzert. Ort: Stephanuskirche, M\u00fchlenstra\u00dfe 45, 14167 Berlin Donnerstag, 09.07. 17 Uhr: Sommerkonzert.Ort: Ev. Pflegewohnheim &hellip; <\/p>\n<p class=\"link-more\"><a href=\"https:\/\/joyfulnoise-berlin.de\/?page_id=19\" class=\"more-link\"><span class=\"screen-reader-text\">\u201eTermine\u201c <\/span>weiterlesen<\/a><\/p>\n","protected":false},"author":1,"featured_media":128,"parent":0,"menu_order":0,"comment_status":"closed","ping_status":"closed","template":"","meta":{"footnotes":""},"class_list":["post-19","page","type-page","status-publish","has-post-thumbnail","hentry"],"_links":{"self":[{"href":"https:\/\/joyfulnoise-berlin.de\/index.php?rest_route=\/wp\/v2\/pages\/19","targetHints":{"allow":["GET"]}}],"collection":[{"href":"https:\/\/joyfulnoise-berlin.de\/index.php?rest_route=\/wp\/v2\/pages"}],"about":[{"href":"https:\/\/joyfulnoise-berlin.de\/index.php?rest_route=\/wp\/v2\/types\/page"}],"author":[{"embeddable":true,"href":"https:\/\/joyfulnoise-berlin.de\/index.php?rest_route=\/wp\/v2\/users\/1"}],"replies":[{"embeddable":true,"href":"https:\/\/joyfulnoise-berlin.de\/index.php?rest_route=%2Fwp%2Fv2%2Fcomments&post=19"}],"version-history":[{"count":45,"href":"https:\/\/joyfulnoise-berlin.de\/index.php?rest_route=\/wp\/v2\/pages\/19\/revisions"}],"predecessor-version":[{"id":411,"href":"https:\/\/joyfulnoise-berlin.de\/index.php?rest_route=\/wp\/v2\/pages\/19\/revisions\/411"}],"wp:featuredmedia":[{"embeddable":true,"href":"https:\/\/joyfulnoise-berlin.de\/index.php?rest_route=\/wp\/v2\/media\/128"}],"wp:attachment":[{"href":"https:\/\/joyfulnoise-berlin.de\/index.php?rest_route=%2Fwp%2Fv2%2Fmedia&parent=19"}],"curies":[{"name":"wp","href":"https:\/\/api.w.org\/{rel}","templated":true}]}}