{"id":59,"date":"2023-02-16T22:29:11","date_gmt":"2023-02-16T21:29:11","guid":{"rendered":"http:\/\/192.168.178.10\/wordpress\/?page_id=59"},"modified":"2026-02-23T15:07:59","modified_gmt":"2026-02-23T14:07:59","slug":"impressum","status":"publish","type":"page","link":"https:\/\/joyfulnoise-berlin.de\/?page_id=59","title":{"rendered":"Impressum"},"content":{"rendered":"\n<h1 class=\"wp-block-heading\">Impressum<\/h1>\n\n\n\n<p>Der <strong>Gospelchor Joyful Noise Berlin<\/strong> ist ein Chor der Stephanuskirche der Berliner Gesamtkirchengemeinde Zehlendorf-S\u00fcd.<\/p>\n\n\n\n<p><strong>Anschrift der Kirchengemeinde: <\/strong><br>Evangelische Gesamtkirchengemeinde Zehlendorf-S\u00fcd<br>Zur Heimat 27<br>14165 Berlin<br>Tel: +49 30 817 40 88 (Gemeindeb\u00fcro)<br>E-Mail: Stephanus.Kirchengemeinde(at)t-online.de<\/p>\n\n\n\n<p>Diese Website unterliegt dem Urheberrecht. Es ist nicht gestattet, Inhalte (Texte, Grafiken, Stylesheet-Dateien etc.) zu verwenden oder zu verbreiten, ohne die vorherige Einwilligung der Verantwortlichen einzuholen.<\/p>\n\n\n\n<p>\u00a9 2026 Gospelchor Joyful Noise Berlin<\/p>\n\n\n\n<p>E-Mail: Gospelchor.JoyfulNoise@gmail.com<\/p>\n\n\n\n<p>Web-Administrator: Harald Klaus, Alsterweg 77, 14167 Berlin<\/p>\n","protected":false},"excerpt":{"rendered":"<p>Impressum Der Gospelchor Joyful Noise Berlin ist ein Chor der Stephanuskirche der Berliner Gesamtkirchengemeinde Zehlendorf-S\u00fcd. Anschrift der Kirchengemeinde: Evangelische Gesamtkirchengemeinde Zehlendorf-S\u00fcdZur Heimat 2714165 BerlinTel: +49 30 817 40 88 (Gemeindeb\u00fcro)E-Mail: Stephanus.Kirchengemeinde(at)t-online.de Diese Website unterliegt dem Urheberrecht. Es ist nicht gestattet, Inhalte (Texte, Grafiken, Stylesheet-Dateien etc.) zu verwenden oder zu verbreiten, ohne die vorherige Einwilligung der &hellip; <\/p>\n<p class=\"link-more\"><a href=\"https:\/\/joyfulnoise-berlin.de\/?page_id=59\" class=\"more-link\"><span class=\"screen-reader-text\">\u201eImpressum\u201c <\/span>weiterlesen<\/a><\/p>\n","protected":false},"author":1,"featured_media":0,"parent":0,"menu_order":0,"comment_status":"closed","ping_status":"closed","template":"","meta":{"footnotes":""},"class_list":["post-59","page","type-page","status-publish","hentry"],"_links":{"self":[{"href":"https:\/\/joyfulnoise-berlin.de\/index.php?rest_route=\/wp\/v2\/pages\/59","targetHints":{"allow":["GET"]}}],"collection":[{"href":"https:\/\/joyfulnoise-berlin.de\/index.php?rest_route=\/wp\/v2\/pages"}],"about":[{"href":"https:\/\/joyfulnoise-berlin.de\/index.php?rest_route=\/wp\/v2\/types\/page"}],"author":[{"embeddable":true,"href":"https:\/\/joyfulnoise-berlin.de\/index.php?rest_route=\/wp\/v2\/users\/1"}],"replies":[{"embeddable":true,"href":"https:\/\/joyfulnoise-berlin.de\/index.php?rest_route=%2Fwp%2Fv2%2Fcomments&post=59"}],"version-history":[{"count":7,"href":"https:\/\/joyfulnoise-berlin.de\/index.php?rest_route=\/wp\/v2\/pages\/59\/revisions"}],"predecessor-version":[{"id":408,"href":"https:\/\/joyfulnoise-berlin.de\/index.php?rest_route=\/wp\/v2\/pages\/59\/revisions\/408"}],"wp:attachment":[{"href":"https:\/\/joyfulnoise-berlin.de\/index.php?rest_route=%2Fwp%2Fv2%2Fmedia&parent=59"}],"curies":[{"name":"wp","href":"https:\/\/api.w.org\/{rel}","templated":true}]}}